{"id":69,"date":"2023-09-27T15:36:06","date_gmt":"2023-09-27T13:36:06","guid":{"rendered":"http:\/\/ettec.org\/?page_id=69"},"modified":"2023-12-30T12:01:31","modified_gmt":"2023-12-30T11:01:31","slug":"une-scop-a-votre-service","status":"publish","type":"page","link":"https:\/\/ettec.org\/index.php\/une-scop-a-votre-service\/","title":{"rendered":"Notre \u00e9quipe"},"content":{"rendered":"\n<p><\/p>\n\n\n\n<p>Une SCOP \u00e0 Votre Service <\/p>\n\n\n\n<p><\/p>\n\n\n\n<p>Depuis sa cr\u00e9ation en 1995, notre bureau d&rsquo;\u00e9tudes a choisi une structure coop\u00e9rative SCOP (Soci\u00e9t\u00e9 Coop\u00e9rative et Participative) dans laquelle les salari\u00e9s d\u00e9tiennent une partie du capital social et participent aux d\u00e9cisions strat\u00e9giques. En raison de nos salari\u00e9s-associ\u00e9s, notre bureau d&rsquo;\u00e9tude en SCOP permet un <strong>engagement fort<\/strong> au pr\u00e8s de nos clients !<\/p>\n\n\n\n<p><\/p>\n\n\n\n<ul>\n<li><strong>Disponibilit\u00e9 <\/strong>de l&rsquo;ensemble des salari\u00e9s pour r\u00e9pondre aux projets<\/li>\n\n\n\n<li><strong>Stabilit\u00e9 et Continuit\u00e9 <\/strong>dans le suivi de vos projets<\/li>\n\n\n\n<li><strong>Responsabilit\u00e9 <\/strong>du travail effectu\u00e9<\/li>\n\n\n\n<li><strong>Formation<\/strong> de nos \u00e9quipes<\/li>\n\n\n\n<li><strong>Flexibit\u00e9 et R\u00e9activit\u00e9 <\/strong>face aux probl\u00e8mes rencontr\u00e9s<\/li>\n<\/ul>\n\n\n\n<p><\/p>\n\n\n\n<p>Notre \u00e9quipe est compos\u00e9 de 15 Salari\u00e9s dont 12 salari\u00e9s-associ\u00e9s.<\/p>\n\n\n\n<p><\/p>\n\n\n\n<figure class=\"wp-block-image size-large\"><img fetchpriority=\"high\" decoding=\"async\" width=\"1024\" height=\"495\" src=\"https:\/\/ettec.org\/wp-content\/uploads\/2023\/12\/image-1024x495.png\" alt=\"\" class=\"wp-image-164\" srcset=\"https:\/\/ettec.org\/wp-content\/uploads\/2023\/12\/image-1024x495.png 1024w, https:\/\/ettec.org\/wp-content\/uploads\/2023\/12\/image-300x145.png 300w, https:\/\/ettec.org\/wp-content\/uploads\/2023\/12\/image-768x372.png 768w, https:\/\/ettec.org\/wp-content\/uploads\/2023\/12\/image.png 1085w\" sizes=\"(max-width: 1024px) 100vw, 1024px\" \/><\/figure>\n\n\n\n<p>En cours de construction <\/p>\n\n\n\n<p><\/p>\n","protected":false},"excerpt":{"rendered":"<p>Une SCOP \u00e0 Votre Service Depuis sa cr\u00e9ation en 1995, notre bureau d&rsquo;\u00e9tudes a choisi une structure coop\u00e9rative SCOP (Soci\u00e9t\u00e9 Coop\u00e9rative et Participative) dans laquelle les salari\u00e9s d\u00e9tiennent une partie du capital social et participent aux d\u00e9cisions strat\u00e9giques. En raison de nos salari\u00e9s-associ\u00e9s, notre bureau d&rsquo;\u00e9tude en SCOP permet un engagement fort au pr\u00e8s de [&hellip;]<\/p>\n","protected":false},"author":1,"featured_media":0,"parent":0,"menu_order":0,"comment_status":"closed","ping_status":"closed","template":"","meta":{"_kadence_starter_templates_imported_post":false,"footnotes":""},"_links":{"self":[{"href":"https:\/\/ettec.org\/index.php\/wp-json\/wp\/v2\/pages\/69"}],"collection":[{"href":"https:\/\/ettec.org\/index.php\/wp-json\/wp\/v2\/pages"}],"about":[{"href":"https:\/\/ettec.org\/index.php\/wp-json\/wp\/v2\/types\/page"}],"author":[{"embeddable":true,"href":"https:\/\/ettec.org\/index.php\/wp-json\/wp\/v2\/users\/1"}],"replies":[{"embeddable":true,"href":"https:\/\/ettec.org\/index.php\/wp-json\/wp\/v2\/comments?post=69"}],"version-history":[{"count":5,"href":"https:\/\/ettec.org\/index.php\/wp-json\/wp\/v2\/pages\/69\/revisions"}],"predecessor-version":[{"id":166,"href":"https:\/\/ettec.org\/index.php\/wp-json\/wp\/v2\/pages\/69\/revisions\/166"}],"wp:attachment":[{"href":"https:\/\/ettec.org\/index.php\/wp-json\/wp\/v2\/media?parent=69"}],"curies":[{"name":"wp","href":"https:\/\/api.w.org\/{rel}","templated":true}]}}