{"id":74,"date":"2023-09-27T15:40:34","date_gmt":"2023-09-27T13:40:34","guid":{"rendered":"http:\/\/ettec.org\/?page_id=74"},"modified":"2023-12-30T12:57:00","modified_gmt":"2023-12-30T11:57:00","slug":"diagnostic-expertise","status":"publish","type":"page","link":"https:\/\/ettec.org\/index.php\/diagnostic-expertise\/","title":{"rendered":"Diagnostic \/ Expertise"},"content":{"rendered":"\n<p><\/p>\n\n\n\n<p>Nous accompagnons les maitres d&rsquo;ouvrages \/ experts\/ Syndics\/ particuliers pour r\u00e9aliser un diagnostic structure  du b\u00e2ti :<\/p>\n\n\n\n<p><\/p>\n\n\n\n<ul>\n<li>Diagnostic Visuel :<\/li>\n\n\n\n<li>Relev\u00e9 des fissures<\/li>\n<\/ul>\n\n\n\n<p>Etude Compl\u00e9mentaires :<\/p>\n\n\n\n<ul>\n<li>D\u00e9tection des armatures par Ferroscan <\/li>\n\n\n\n<li>Sondages desctructifs<\/li>\n<\/ul>\n\n\n\n<p><\/p>\n\n\n\n<p>Dans un premier temps, cette \u00e9tude permet la <\/p>\n\n\n\n<p><\/p>\n","protected":false},"excerpt":{"rendered":"<p>Nous accompagnons les maitres d&rsquo;ouvrages \/ experts\/ Syndics\/ particuliers pour r\u00e9aliser un diagnostic structure du b\u00e2ti : Etude Compl\u00e9mentaires : Dans un premier temps, cette \u00e9tude permet la<\/p>\n","protected":false},"author":1,"featured_media":0,"parent":0,"menu_order":0,"comment_status":"closed","ping_status":"closed","template":"","meta":{"_kadence_starter_templates_imported_post":false,"footnotes":""},"_links":{"self":[{"href":"https:\/\/ettec.org\/index.php\/wp-json\/wp\/v2\/pages\/74"}],"collection":[{"href":"https:\/\/ettec.org\/index.php\/wp-json\/wp\/v2\/pages"}],"about":[{"href":"https:\/\/ettec.org\/index.php\/wp-json\/wp\/v2\/types\/page"}],"author":[{"embeddable":true,"href":"https:\/\/ettec.org\/index.php\/wp-json\/wp\/v2\/users\/1"}],"replies":[{"embeddable":true,"href":"https:\/\/ettec.org\/index.php\/wp-json\/wp\/v2\/comments?post=74"}],"version-history":[{"count":4,"href":"https:\/\/ettec.org\/index.php\/wp-json\/wp\/v2\/pages\/74\/revisions"}],"predecessor-version":[{"id":181,"href":"https:\/\/ettec.org\/index.php\/wp-json\/wp\/v2\/pages\/74\/revisions\/181"}],"wp:attachment":[{"href":"https:\/\/ettec.org\/index.php\/wp-json\/wp\/v2\/media?parent=74"}],"curies":[{"name":"wp","href":"https:\/\/api.w.org\/{rel}","templated":true}]}}